{"id":99,"date":"2026-01-29T18:56:34","date_gmt":"2026-01-29T17:56:34","guid":{"rendered":"https:\/\/oskarskowron.pl\/?post_type=product&#038;p=99"},"modified":"2026-01-29T18:58:29","modified_gmt":"2026-01-29T17:58:29","slug":"corn-power","status":"publish","type":"product","link":"https:\/\/oskarskowron.pl\/?product=corn-power","title":{"rendered":"Corn Power"},"content":{"rendered":"<p>Kukurydziane waftersy opracowane pod\u00a0k\u0105tem \u0142owienia bombk\u0105, kiedy g\u0142\u00f3wn\u0105 zan\u0119te stanowi kukurydza wystrzeliwana za\u00a0pomoc\u0105 procy. Waftersy swoj\u0105 zbalansowan\u0105 prac\u0105 pozwalaj\u0105 wyr\u00f3\u017cni\u0107 przyn\u0119te spo\u015br\u00f3d kilkuset ziaren stabilnie spoczywaj\u0105cych na\u00a0dnie. Dzi\u0119ki temu jest szybciej zauwa\u017calna dla \u017ceruj\u0105cych ryb. W\u00a0pojemniku znajdziemy przyn\u0119ty o\u00a0dw\u00f3ch odcieniach \u017c\u00f3\u0142ci \u2013 jaskrawym i\u00a0stonowanym \u2013 to\u00a0dodatkowy spos\u00f3b na\u00a0wyr\u00f3\u017cnienie naszej przyn\u0119ty od\u00a0zan\u0119ty. Aromat u\u017cyty przy produkcji Corn Power wiernie przypomina konserwow\u0105 kukurydz\u0119, co\u00a0dodatkowo pot\u0119guje ich skuteczno\u015b\u0107.<\/p>\n","protected":false},"excerpt":{"rendered":"<p><strong>Rozmiary:<\/strong>\u00a06mm i\u00a010mm<br \/>\n<strong>Opakowanie:<\/strong>\u00a050ml<br \/>\n<strong>Zapach:<\/strong>\u00a0kukurydziany,s\u0142odki<br \/>\n<strong>Kolor:<\/strong>\u00a0jaskrawy \u017c\u00f3\u0142ty i\u00a0ciemny \u017c\u00f3\u0142ty<br \/>\n<strong>Stosowanie:<\/strong>\u00a0przyn\u0119ty ca\u0142oroczne z\u00a0ukierunkowaniem na\u00a0bomb feeder<\/p>\n","protected":false},"featured_media":100,"comment_status":"open","ping_status":"closed","template":"","meta":{"site-sidebar-layout":"default","site-content-layout":"","ast-site-content-layout":"default","site-content-style":"default","site-sidebar-style":"default","ast-global-header-display":"","ast-banner-title-visibility":"","ast-main-header-display":"","ast-hfb-above-header-display":"","ast-hfb-below-header-display":"","ast-hfb-mobile-header-display":"","site-post-title":"","ast-breadcrumbs-content":"","ast-featured-img":"","footer-sml-layout":"","ast-disable-related-posts":"","theme-transparent-header-meta":"default","adv-header-id-meta":"","stick-header-meta":"","header-above-stick-meta":"","header-main-stick-meta":"","header-below-stick-meta":"","astra-migrate-meta-layouts":"set","ast-page-background-enabled":"default","ast-page-background-meta":{"desktop":{"background-color":"var(--ast-global-color-5)","background-image":"","background-repeat":"repeat","background-position":"center center","background-size":"auto","background-attachment":"scroll","background-type":"","background-media":"","overlay-type":"","overlay-color":"","overlay-opacity":"","overlay-gradient":""},"tablet":{"background-color":"","background-image":"","background-repeat":"repeat","background-position":"center center","background-size":"auto","background-attachment":"scroll","background-type":"","background-media":"","overlay-type":"","overlay-color":"","overlay-opacity":"","overlay-gradient":""},"mobile":{"background-color":"","background-image":"","background-repeat":"repeat","background-position":"center center","background-size":"auto","background-attachment":"scroll","background-type":"","background-media":"","overlay-type":"","overlay-color":"","overlay-opacity":"","overlay-gradient":""}},"ast-content-background-meta":{"desktop":{"background-color":"var(--ast-global-color-4)","background-image":"","background-repeat":"repeat","background-position":"center center","background-size":"auto","background-attachment":"scroll","background-type":"","background-media":"","overlay-type":"","overlay-color":"","overlay-opacity":"","overlay-gradient":""},"tablet":{"background-color":"var(--ast-global-color-4)","background-image":"","background-repeat":"repeat","background-position":"center center","background-size":"auto","background-attachment":"scroll","background-type":"","background-media":"","overlay-type":"","overlay-color":"","overlay-opacity":"","overlay-gradient":""},"mobile":{"background-color":"var(--ast-global-color-4)","background-image":"","background-repeat":"repeat","background-position":"center center","background-size":"auto","background-attachment":"scroll","background-type":"","background-media":"","overlay-type":"","overlay-color":"","overlay-opacity":"","overlay-gradient":""}}},"product_brand":[43],"product_cat":[22],"product_tag":[],"class_list":{"0":"post-99","1":"product","2":"type-product","3":"status-publish","4":"has-post-thumbnail","6":"product_brand-escafeeder","7":"product_cat-przynety","8":"desktop-align-left","9":"tablet-align-left","10":"mobile-align-left","12":"first","13":"instock","14":"taxable","15":"shipping-taxable","16":"purchasable","17":"product-type-variable"},"_links":{"self":[{"href":"https:\/\/oskarskowron.pl\/index.php?rest_route=\/wp\/v2\/product\/99","targetHints":{"allow":["GET"]}}],"collection":[{"href":"https:\/\/oskarskowron.pl\/index.php?rest_route=\/wp\/v2\/product"}],"about":[{"href":"https:\/\/oskarskowron.pl\/index.php?rest_route=\/wp\/v2\/types\/product"}],"replies":[{"embeddable":true,"href":"https:\/\/oskarskowron.pl\/index.php?rest_route=%2Fwp%2Fv2%2Fcomments&post=99"}],"wp:featuredmedia":[{"embeddable":true,"href":"https:\/\/oskarskowron.pl\/index.php?rest_route=\/wp\/v2\/media\/100"}],"wp:attachment":[{"href":"https:\/\/oskarskowron.pl\/index.php?rest_route=%2Fwp%2Fv2%2Fmedia&parent=99"}],"wp:term":[{"taxonomy":"product_brand","embeddable":true,"href":"https:\/\/oskarskowron.pl\/index.php?rest_route=%2Fwp%2Fv2%2Fproduct_brand&post=99"},{"taxonomy":"product_cat","embeddable":true,"href":"https:\/\/oskarskowron.pl\/index.php?rest_route=%2Fwp%2Fv2%2Fproduct_cat&post=99"},{"taxonomy":"product_tag","embeddable":true,"href":"https:\/\/oskarskowron.pl\/index.php?rest_route=%2Fwp%2Fv2%2Fproduct_tag&post=99"}],"curies":[{"name":"wp","href":"https:\/\/api.w.org\/{rel}","templated":true}]}}